{"id":2019,"date":"2024-01-07T03:05:15","date_gmt":"2024-01-07T02:05:15","guid":{"rendered":"https:\/\/clinicadermaesthetics.com\/equip-medic\/"},"modified":"2025-03-04T09:02:48","modified_gmt":"2025-03-04T08:02:48","slug":"equipomedico","status":"publish","type":"page","link":"https:\/\/clinicadermaesthetics.com\/es\/equipomedico\/","title":{"rendered":"Equipo m\u00e9dico"},"content":{"rendered":"\t\t<div data-elementor-type=\"wp-page\" data-elementor-id=\"2019\" class=\"elementor elementor-2019 elementor-941\" data-elementor-post-type=\"page\">\n\t\t\t\t<div class=\"elementor-element elementor-element-00d1c30 e-flex e-con-boxed e-con e-parent\" data-id=\"00d1c30\" data-element_type=\"container\">\n\t\t\t\t\t<div class=\"e-con-inner\">\n\t\t\t\t<div class=\"elementor-element elementor-element-6f65dc0 elementor-widget elementor-widget-heading\" data-id=\"6f65dc0\" data-element_type=\"widget\" data-widget_type=\"heading.default\">\n\t\t\t\t<div class=\"elementor-widget-container\">\n\t\t\t\t\t<h1 class=\"elementor-heading-title elementor-size-default\">Equipo m\u00e9dico<\/h1>\t\t\t\t<\/div>\n\t\t\t\t<\/div>\n\t\t\t\t<div class=\"elementor-element elementor-element-6b47522 elementor-widget elementor-widget-widget-medical-team\" data-id=\"6b47522\" data-element_type=\"widget\" data-widget_type=\"widget-medical-team.default\">\n\t\t\t\t<div class=\"elementor-widget-container\">\n\t\t\t\t\t    <div class=\"container\">\n        <div class=\"row\">\n            <div id=\"professional-1\" class=\"card-item-medical-team col-12 col-lg-6 contracted\">\n            <div class=\"box-item-medical-team\">\n                                        <div class=\"image-medical-team\">\n                            <img fetchpriority=\"high\" decoding=\"async\" width=\"570\" height=\"500\" src=\"https:\/\/clinicadermaesthetics.com\/wp-content\/uploads\/2024\/01\/01-dr-victor-cabrera-derma.jpg\" class=\"attachment-full size-full wp-post-image\" alt=\"Doctor V\u00edctor Cabrera, Cl\u00ednica Dermaesthetics Matar\u00f3\" srcset=\"https:\/\/clinicadermaesthetics.com\/wp-content\/uploads\/2024\/01\/01-dr-victor-cabrera-derma.jpg 570w, https:\/\/clinicadermaesthetics.com\/wp-content\/uploads\/2024\/01\/01-dr-victor-cabrera-derma-300x263.jpg 300w\" sizes=\"(max-width: 570px) 100vw, 570px\" \/>                        <\/div>\n                                        \n                <div class=\"name-medical-team\">\n                    <h2>DR. V\u00cdCTOR CABRERA<\/h2>\n                <\/div>\n                <div class=\"box-data-item-medical-team\">\n                    <div class=\"title-medical-team\">\n                        Especialista en cirug\u00eda pl\u00e1stica, reparadora y est\u00e9tica.                    <\/div>\n                    <div id=\"content-item-medical-team-1\" class=\"content-medical-team\">\n                        <p>El Dr. V\u00edctor Cabrera Mas, con n\u00famero de colegiado 50.169 de Barcelona, se licenci\u00f3 en Medicina y Cirug\u00eda en el Hospital Cl\u00ednic por la Universidad de Barcelona. Realiz\u00f3 la especialidad en Cirug\u00eda Pl\u00e1stica, Reparadora y Est\u00e9tica v\u00eda MIR en el Hospital Germans Trias i Pujol, con especial inter\u00e9s en los campos de cirug\u00eda est\u00e9tica, cirug\u00eda reconstructiva mamaria y microcirug\u00eda.<\/p>\n<p>&nbsp;<\/p>\n<p>Realiz\u00f3 durante este per\u00edodo formativo rotaciones por hospitales de gran prestigio, entre ellos destacan la Unidad de Quemados del Hospital Vall d&#8217;Hebron (Barcelona), el <span class=\"hiddenSpellError\">ChangGung <\/span>Memorial Hospital (Taipei, Taiw\u00e1n) y el Centro M\u00e9dico <span class=\"hiddenSpellError\">Teknon <\/span>(Barcelona).<\/p>\n<p>&nbsp;<\/p>\n<p>Destaca la acreditaci\u00f3n obtenida por el Comit\u00e9 Europeo de Cirug\u00eda Pl\u00e1stica, Reparadora y Est\u00e9tica (<span class=\"hiddenSpellError\">EBOPRAS<\/span>), despu\u00e9s de ser examinado en Bruselas, que convalida la especialidad en el \u00e1mbito europeo y le permite ejercer profesionalmente en los centros de mayor prestigio de la Uni\u00f3n Europea&#8230;<\/p>\n<p>&nbsp;<\/p>\n<p>El Dr. Cabrera actualmente centra su actividad en la pr\u00e1ctica de cirug\u00eda est\u00e9tica y reconstructiva en <span class=\"hiddenSpellError\">DERMAESTHETICS <\/span>despu\u00e9s de a\u00f1os de combinar la atenci\u00f3n en la sanidad p\u00fablica <span class=\"hiddenGrammarError\">dedicado <\/span>principalmente en la cirug\u00eda reconstructiva mamaria y la microcirug\u00eda y colaboraci\u00f3n profesional en cirug\u00eda est\u00e9tica en el \u00e1mbito privado.<\/p>\n<p>&nbsp;<\/p>\n<p>Adem\u00e1s sigue participando de forma activa en numerosos congresos nacionales e internacionales de Cirug\u00eda Pl\u00e1stica, ampliando su formaci\u00f3n.<\/p>\n<p>&nbsp;<\/p>\n<p>Es miembro de la Sociedad Espa\u00f1ola de Cirug\u00eda Pl\u00e1stica, Reparadora y Est\u00e9tica (SECPRE) y de la Sociedad Catalana de Cirug\u00eda Pl\u00e1stica, Reparadora y Est\u00e9tica (SCCPRE) y <span class=\"hiddenSpellError\">Fellow <\/span>del Comit\u00e9 Europeo de Cirug\u00eda Pl\u00e1stica, Reparadora y Est\u00e9tica (<span class=\"hiddenSpellError\">EBOPRAS<\/span>).<\/p>\n                    <\/div>\n                    <div class=\"social-net mt-3\">\n                                            <\/div>\n                <\/div>\n            <\/div>\n            \n            <span class=\"btn-medical-team\">\n                <a id=\"btn-item-medical-team-1\" href=\"javascript:void(0)\">Ver m\u00e1s<\/a>\n            <\/span>\n        <\/div>\n        <script>\n            document.addEventListener('DOMContentLoaded', function() {\n                \/\/ Obtener referencias a los elementos\n                var btn = document.getElementById('btn-item-medical-team-1');\n                var professional = document.getElementById('professional-1');                \n\n                \/\/ Agregar evento de clic al bot\u00f3n\n                btn.addEventListener('click', function() {\n                    \/\/ Alternar la clase contrated en el elemento professional                    \n                    professional.classList.toggle('contracted');\n                });\n\n                \/\/ Puedes agregar la clase contrated al cargar la p\u00e1gina si es necesario\n                \/\/ professional.classList.add('contrated');\n            });\n        <\/script>\n                <div id=\"professional-2\" class=\"card-item-medical-team col-12 col-lg-6 contracted\">\n            <div class=\"box-item-medical-team\">\n                                        <div class=\"image-medical-team\">\n                            <img decoding=\"async\" width=\"570\" height=\"501\" src=\"https:\/\/clinicadermaesthetics.com\/wp-content\/uploads\/2024\/01\/01-dr-ferran-ballesca-derma.jpg\" class=\"attachment-full size-full wp-post-image\" alt=\"Doctor Ferran Ballesc\u00e0, Cl\u00ednica Dermaesthetics Matar\u00f3\" srcset=\"https:\/\/clinicadermaesthetics.com\/wp-content\/uploads\/2024\/01\/01-dr-ferran-ballesca-derma.jpg 570w, https:\/\/clinicadermaesthetics.com\/wp-content\/uploads\/2024\/01\/01-dr-ferran-ballesca-derma-300x264.jpg 300w\" sizes=\"(max-width: 570px) 100vw, 570px\" \/>                        <\/div>\n                                        \n                <div class=\"name-medical-team\">\n                    <h2>DR. FERRAN BALLESC\u00c0<\/h2>\n                <\/div>\n                <div class=\"box-data-item-medical-team\">\n                    <div class=\"title-medical-team\">\n                        Licenciado en Medicina y Cirug\u00eda en el Hospital Cl\u00ednic por la Universitat de Barcelona.                    <\/div>\n                    <div id=\"content-item-medical-team-2\" class=\"content-medical-team\">\n                        <p>Realiz\u00f3 la especialidad de Dermatolog\u00eda M\u00e9dico Quir\u00fargica y Venereolog\u00eda, v\u00eda MIR, en el Hospital Germans Tr\u00edas i Pujol (2013-2017), quedando entre los primeros opositores de la convocatoria nacional MIR de 2013.<\/p>\n<p>&nbsp;<\/p>\n<p>Entre 2017 y 2022 permaneci\u00f3 como Adjunto especialista en el mismo centro, participando en m\u00e1s de 20 publicaciones de alto impacto nacional e internacional, as\u00ed como en numerosos Ensayos Cl\u00ednicos.<\/p>\n<p>&nbsp;<\/p>\n<p>Durante su formaci\u00f3n mostr\u00f3 especial inter\u00e9s en el diagn\u00f3stico y tratamiento quir\u00fargico del c\u00e1ncer cut\u00e1neo, en la dermatolog\u00eda pedi\u00e1trica, las alergias y las enfermedades inflamatorias de la piel, siendo adem\u00e1s referente en el centro del estudio y el tratamiento de las enfermedades del pelo y las u\u00f1as, as\u00ed como de la psoriasis.<\/p>\n<p>&nbsp;<\/p>\n<p>De esta gran pasi\u00f3n se deriva la consecuci\u00f3n del M\u00e1ster en Tricolog\u00eda y Trasplante Capilar obtenido por la Universidad Alcal\u00e1 de Henares, que le permite ser uno de los pocos Tric\u00f3logos acreditados en Espa\u00f1a.<\/p>\n<p>&nbsp;<\/p>\n<p>Ha compaginado su trabajo en el Hospital Germans Trias i Pujol con su labor privada en la cl\u00ednica dermo-est\u00e9tica Idermic, de gran reputaci\u00f3n a nivel nacional, as\u00ed como con su labor de cirujano capilar.<\/p>\n<p>&nbsp;<\/p>\n<p>Actualmente se encuentra trabajando en la cl\u00ednica Dermaesthetics.<\/p>\n<p>Sigue participando de forma activa en numerosos congresos nacionales e internacionales de Dermatolog\u00eda, ampliando su formaci\u00f3n.<\/p>\n<p>Es miembro y antiguo vocal de la Junta de la Academia Espa\u00f1ola de Dermatolog\u00eda (AEDV), as\u00ed como de la Societat Catalana de Dermatologia (SCD). Es miembro del Grupo Espa\u00f1ol de Psoriasis (GPS).<\/p>\n                    <\/div>\n                    <div class=\"social-net mt-3\">\n                                            <\/div>\n                <\/div>\n            <\/div>\n            \n            <span class=\"btn-medical-team\">\n                <a id=\"btn-item-medical-team-2\" href=\"javascript:void(0)\">Ver m\u00e1s<\/a>\n            <\/span>\n        <\/div>\n        <script>\n            document.addEventListener('DOMContentLoaded', function() {\n                \/\/ Obtener referencias a los elementos\n                var btn = document.getElementById('btn-item-medical-team-2');\n                var professional = document.getElementById('professional-2');                \n\n                \/\/ Agregar evento de clic al bot\u00f3n\n                btn.addEventListener('click', function() {\n                    \/\/ Alternar la clase contrated en el elemento professional                    \n                    professional.classList.toggle('contracted');\n                });\n\n                \/\/ Puedes agregar la clase contrated al cargar la p\u00e1gina si es necesario\n                \/\/ professional.classList.add('contrated');\n            });\n        <\/script>\n                <\/div>\n    <\/div>\n    \t\t\t\t<\/div>\n\t\t\t\t<\/div>\n\t\t\t\t\t<\/div>\n\t\t\t\t<\/div>\n\t\t\t\t<\/div>\n\t\t","protected":false},"excerpt":{"rendered":"<p>Equipo m\u00e9dico DR. V\u00cdCTOR CABRERA Especialista en cirurgia pl\u00e0stica, reparadora i est\u00e8tica. El Dr. V\u00edctor Cabrera Mas, amb n\u00famero de col\u00b7legiat 50.169 de Barcelona, es va llicenciar en Medicina i Cirurgia a l&#8217;Hospital Cl\u00ednic per la Universitat de Barcelona. Va realitzar l&#8217;especialitat en Cirurgia Pl\u00e0stica, Reparadora i Est\u00e8tica via MIR a l&#8217;Hospital Germans Trias i [&hellip;]<\/p>\n","protected":false},"author":4,"featured_media":0,"parent":0,"menu_order":2,"comment_status":"closed","ping_status":"closed","template":"","meta":{"_acf_changed":false,"_joinchat":[],"footnotes":""},"class_list":["post-2019","page","type-page","status-publish","hentry"],"acf":[],"_links":{"self":[{"href":"https:\/\/clinicadermaesthetics.com\/es\/wp-json\/wp\/v2\/pages\/2019"}],"collection":[{"href":"https:\/\/clinicadermaesthetics.com\/es\/wp-json\/wp\/v2\/pages"}],"about":[{"href":"https:\/\/clinicadermaesthetics.com\/es\/wp-json\/wp\/v2\/types\/page"}],"author":[{"embeddable":true,"href":"https:\/\/clinicadermaesthetics.com\/es\/wp-json\/wp\/v2\/users\/4"}],"replies":[{"embeddable":true,"href":"https:\/\/clinicadermaesthetics.com\/es\/wp-json\/wp\/v2\/comments?post=2019"}],"version-history":[{"count":14,"href":"https:\/\/clinicadermaesthetics.com\/es\/wp-json\/wp\/v2\/pages\/2019\/revisions"}],"predecessor-version":[{"id":2507,"href":"https:\/\/clinicadermaesthetics.com\/es\/wp-json\/wp\/v2\/pages\/2019\/revisions\/2507"}],"wp:attachment":[{"href":"https:\/\/clinicadermaesthetics.com\/es\/wp-json\/wp\/v2\/media?parent=2019"}],"curies":[{"name":"wp","href":"https:\/\/api.w.org\/{rel}","templated":true}]}}