{"id":1730,"date":"2023-12-19T16:56:59","date_gmt":"2023-12-19T15:56:59","guid":{"rendered":"https:\/\/clinicadermaesthetics.com\/financiacion\/"},"modified":"2025-05-02T09:41:24","modified_gmt":"2025-05-02T07:41:24","slug":"financiacion","status":"publish","type":"page","link":"https:\/\/clinicadermaesthetics.com\/es\/financiacion\/","title":{"rendered":"Financiaci\u00f3n"},"content":{"rendered":"\t\t<div data-elementor-type=\"wp-page\" data-elementor-id=\"1730\" class=\"elementor elementor-1730 elementor-18\" data-elementor-post-type=\"page\">\n\t\t\t\t<div class=\"elementor-element elementor-element-b4a792a e-flex e-con-boxed e-con e-parent\" data-id=\"b4a792a\" data-element_type=\"container\">\n\t\t\t\t\t<div class=\"e-con-inner\">\n\t\t\t\t<div class=\"elementor-element elementor-element-291eeff elementor-widget elementor-widget-heading\" data-id=\"291eeff\" data-element_type=\"widget\" data-widget_type=\"heading.default\">\n\t\t\t\t<div class=\"elementor-widget-container\">\n\t\t\t\t\t<h1 class=\"elementor-heading-title elementor-size-default\">Financiaci\u00f3n<\/h1>\t\t\t\t<\/div>\n\t\t\t\t<\/div>\n\t\t\t\t\t<\/div>\n\t\t\t\t<\/div>\n\t\t<div class=\"elementor-element elementor-element-6e4a59e e-flex e-con-boxed e-con e-parent\" data-id=\"6e4a59e\" data-element_type=\"container\" data-settings=\"{&quot;background_background&quot;:&quot;classic&quot;}\">\n\t\t\t\t\t<div class=\"e-con-inner\">\n\t\t<div class=\"elementor-element elementor-element-6bc3825 e-con-full e-flex e-con e-child\" data-id=\"6bc3825\" data-element_type=\"container\">\n\t\t\t\t<div class=\"elementor-element elementor-element-c417f60 elementor-widget elementor-widget-heading\" data-id=\"c417f60\" data-element_type=\"widget\" data-widget_type=\"heading.default\">\n\t\t\t\t<div class=\"elementor-widget-container\">\n\t\t\t\t\t<h2 class=\"elementor-heading-title elementor-size-default\">Consigue tu financiaci\u00f3n de forma r\u00e1pida y segura<\/h2>\t\t\t\t<\/div>\n\t\t\t\t<\/div>\n\t\t\t\t<div class=\"elementor-element elementor-element-d144921 m-p elementor-widget elementor-widget-heading\" data-id=\"d144921\" data-element_type=\"widget\" data-widget_type=\"heading.default\">\n\t\t\t\t<div class=\"elementor-widget-container\">\n\t\t\t\t\t<p class=\"elementor-heading-title elementor-size-default\"><p>Gracias a Tu Medicina Financiada, disponemos de la m\u00e1s completa gama de productos de financiaci\u00f3n, con un trato \u00e1gil, seguro y personalizado.<br \/>\nAccediendo al bot\u00f3n de \u2013 <strong>Financia tu tratamiento<\/strong> \u2013 podr\u00e1s adecuar la cuota que mejor se adapte a tus necesidades.<\/p>\n<\/p>\t\t\t\t<\/div>\n\t\t\t\t<\/div>\n\t\t\t\t<div class=\"elementor-element elementor-element-15e3a83 elementor-widget elementor-widget-button\" data-id=\"15e3a83\" data-element_type=\"widget\" data-widget_type=\"button.default\">\n\t\t\t\t<div class=\"elementor-widget-container\">\n\t\t\t\t\t\t\t\t\t<div class=\"elementor-button-wrapper\">\n\t\t\t\t\t<a class=\"elementor-button elementor-button-link elementor-size-sm\" href=\"https:\/\/clinicadermaesthetics.com\/\" target=\"_blank\" rel=\"nofollow\">\n\t\t\t\t\t\t<span class=\"elementor-button-content-wrapper\">\n\t\t\t\t\t\t\t\t\t<span class=\"elementor-button-text\">Financia tu tratamiento<\/span>\n\t\t\t\t\t<\/span>\n\t\t\t\t\t<\/a>\n\t\t\t\t<\/div>\n\t\t\t\t\t\t\t\t<\/div>\n\t\t\t\t<\/div>\n\t\t\t\t<\/div>\n\t\t<div class=\"elementor-element elementor-element-445acc8 e-con-full e-flex e-con e-child\" data-id=\"445acc8\" data-element_type=\"container\">\n\t\t\t\t<div class=\"elementor-element elementor-element-75951bd elementor-widget elementor-widget-image\" data-id=\"75951bd\" data-element_type=\"widget\" data-widget_type=\"image.default\">\n\t\t\t\t<div class=\"elementor-widget-container\">\n\t\t\t\t\t\t\t\t\t\t\t\t\t\t\t<img fetchpriority=\"high\" decoding=\"async\" width=\"297\" height=\"300\" src=\"https:\/\/clinicadermaesthetics.com\/wp-content\/uploads\/2024\/01\/01-img-centro-premium.png\" class=\"attachment-full size-full wp-image-1583\" alt=\"Sello de calidad como centro premium, satisfacci\u00f3n garantizada\" \/>\t\t\t\t\t\t\t\t\t\t\t\t\t\t\t<\/div>\n\t\t\t\t<\/div>\n\t\t\t\t<\/div>\n\t\t\t\t\t<\/div>\n\t\t\t\t<\/div>\n\t\t<div class=\"elementor-element elementor-element-863b2dc e-con-full e-flex e-con e-parent\" data-id=\"863b2dc\" data-element_type=\"container\" data-settings=\"{&quot;background_background&quot;:&quot;classic&quot;}\">\n\t\t\t\t<div class=\"elementor-element elementor-element-0b5d1ba elementor-widget elementor-widget-heading\" data-id=\"0b5d1ba\" data-element_type=\"widget\" data-widget_type=\"heading.default\">\n\t\t\t\t<div class=\"elementor-widget-container\">\n\t\t\t\t\t<span class=\"elementor-heading-title elementor-size-default\">Financiaci\u00f3n del 100% del tratamiento hasta 48 meses<\/span>\t\t\t\t<\/div>\n\t\t\t\t<\/div>\n\t\t\t\t<\/div>\n\t\t<div class=\"elementor-element elementor-element-7442a01 e-flex e-con-boxed e-con e-parent\" data-id=\"7442a01\" data-element_type=\"container\" data-settings=\"{&quot;background_background&quot;:&quot;classic&quot;}\">\n\t\t\t\t\t<div class=\"e-con-inner\">\n\t\t<div class=\"elementor-element elementor-element-9a97927 e-con-full e-flex e-con e-child\" data-id=\"9a97927\" data-element_type=\"container\">\n\t\t\t\t<div class=\"elementor-element elementor-element-e64672b elementor-widget elementor-widget-image\" data-id=\"e64672b\" data-element_type=\"widget\" data-widget_type=\"image.default\">\n\t\t\t\t<div class=\"elementor-widget-container\">\n\t\t\t\t\t\t\t\t\t\t\t\t\t\t\t<img decoding=\"async\" width=\"469\" height=\"186\" src=\"https:\/\/clinicadermaesthetics.com\/wp-content\/uploads\/2024\/01\/01-img-financiada-medicina.png\" class=\"attachment-full size-full wp-image-1585\" alt=\"Logo tu medicina financiada\" srcset=\"https:\/\/clinicadermaesthetics.com\/wp-content\/uploads\/2024\/01\/01-img-financiada-medicina.png 469w, https:\/\/clinicadermaesthetics.com\/wp-content\/uploads\/2024\/01\/01-img-financiada-medicina-300x119.png 300w\" sizes=\"(max-width: 469px) 100vw, 469px\" \/>\t\t\t\t\t\t\t\t\t\t\t\t\t\t\t<\/div>\n\t\t\t\t<\/div>\n\t\t\t\t<div class=\"elementor-element elementor-element-dba7f42 elementor-widget elementor-widget-heading\" data-id=\"dba7f42\" data-element_type=\"widget\" data-widget_type=\"heading.default\">\n\t\t\t\t<div class=\"elementor-widget-container\">\n\t\t\t\t\t<p class=\"elementor-heading-title elementor-size-default\"><p><strong>Cont\u00e1ctenos al<br \/>\n<\/strong><a href=\"tel:936476424\">936 476 424<\/a> \u2013 <a href=\"tel:673764859\">673 764 859<br \/>\n<\/a><strong>O a trav\u00e9s de:<br \/>\n<\/strong><a href=\"mailto:info@tumedicinafinanciada.com\" target=\"_blank\" rel=\"noopener\">info@tumedicinafinanciada.com<br \/>\n<\/a><a href=\"http:\/\/www.tumedicinafinanciada.com\/es\" target=\"_blank\" rel=\"noopener\">www.tumedicinafinanciada.com<\/a><\/p>\n<\/p>\t\t\t\t<\/div>\n\t\t\t\t<\/div>\n\t\t\t\t<\/div>\n\t\t<div class=\"elementor-element elementor-element-57a2763 e-con-full e-flex e-con e-child\" data-id=\"57a2763\" data-element_type=\"container\">\n\t\t\t\t<div class=\"elementor-element elementor-element-03cc244 elementor-widget elementor-widget-heading\" data-id=\"03cc244\" data-element_type=\"widget\" data-widget_type=\"heading.default\">\n\t\t\t\t<div class=\"elementor-widget-container\">\n\t\t\t\t\t<h2 class=\"elementor-heading-title elementor-size-default\">Consigue tu financiaci\u00f3n de forma r\u00e1pida y segura<\/h2>\t\t\t\t<\/div>\n\t\t\t\t<\/div>\n\t\t\t\t<div class=\"elementor-element elementor-element-86a7f1a m-p elementor-widget elementor-widget-heading\" data-id=\"86a7f1a\" data-element_type=\"widget\" data-widget_type=\"heading.default\">\n\t\t\t\t<div class=\"elementor-widget-container\">\n\t\t\t\t\t<p class=\"elementor-heading-title elementor-size-default\"><p><strong>Solicita informaci\u00f3n<\/strong> sobre las ventajosas condiciones de financiaci\u00f3n que ofrecemos a nuestros pacientes.<\/p>\n<p>Desde TU MEDICINA FINANCIADA te facilitar\u00e1n el acceso a tu procedimiento m\u00e9dico cuando lo requieras, adapt\u00e1ndolo a tus necesidades, dando una pronta respuesta a trav\u00e9s de un tr\u00e1mite seguro.<\/p>\n<p>Pondr\u00e1n todos los medios a tu alcance.<\/p>\n<p>Tramitar\u00e1n la financiaci\u00f3n de tu tratamiento \u00fanicamente<br \/>\ncon la siguiente documentaci\u00f3n:<\/p>\n<ul>\n<li>\u00daltima n\u00f3mina.<\/li>\n<li>DNI.<\/li>\n<li>Cuenta bancaria.<\/li>\n<\/ul>\n<\/p>\t\t\t\t<\/div>\n\t\t\t\t<\/div>\n\t\t\t\t<\/div>\n\t\t\t\t\t<\/div>\n\t\t\t\t<\/div>\n\t\t\t\t<\/div>\n\t\t","protected":false},"excerpt":{"rendered":"<p>Financiaci\u00f3n<\/p>\n","protected":false},"author":4,"featured_media":0,"parent":0,"menu_order":3,"comment_status":"closed","ping_status":"closed","template":"","meta":{"_acf_changed":false,"_joinchat":[],"footnotes":""},"class_list":["post-1730","page","type-page","status-publish","hentry"],"acf":[],"_links":{"self":[{"href":"https:\/\/clinicadermaesthetics.com\/es\/wp-json\/wp\/v2\/pages\/1730"}],"collection":[{"href":"https:\/\/clinicadermaesthetics.com\/es\/wp-json\/wp\/v2\/pages"}],"about":[{"href":"https:\/\/clinicadermaesthetics.com\/es\/wp-json\/wp\/v2\/types\/page"}],"author":[{"embeddable":true,"href":"https:\/\/clinicadermaesthetics.com\/es\/wp-json\/wp\/v2\/users\/4"}],"replies":[{"embeddable":true,"href":"https:\/\/clinicadermaesthetics.com\/es\/wp-json\/wp\/v2\/comments?post=1730"}],"version-history":[{"count":14,"href":"https:\/\/clinicadermaesthetics.com\/es\/wp-json\/wp\/v2\/pages\/1730\/revisions"}],"predecessor-version":[{"id":2504,"href":"https:\/\/clinicadermaesthetics.com\/es\/wp-json\/wp\/v2\/pages\/1730\/revisions\/2504"}],"wp:attachment":[{"href":"https:\/\/clinicadermaesthetics.com\/es\/wp-json\/wp\/v2\/media?parent=1730"}],"curies":[{"name":"wp","href":"https:\/\/api.w.org\/{rel}","templated":true}]}}