{"id":1726,"date":"2023-12-19T16:55:26","date_gmt":"2023-12-19T15:55:26","guid":{"rendered":"https:\/\/clinicadermaesthetics.com\/nosotros\/"},"modified":"2025-03-04T09:00:21","modified_gmt":"2025-03-04T08:00:21","slug":"nosotros","status":"publish","type":"page","link":"https:\/\/clinicadermaesthetics.com\/es\/nosotros\/","title":{"rendered":"Nosotros"},"content":{"rendered":"\t\t<div data-elementor-type=\"wp-page\" data-elementor-id=\"1726\" class=\"elementor elementor-1726 elementor-14\" data-elementor-post-type=\"page\">\n\t\t\t\t<section class=\"elementor-element elementor-element-4b88f7f e-flex e-con-boxed e-con e-parent\" data-id=\"4b88f7f\" data-element_type=\"container\">\n\t\t\t\t\t<div class=\"e-con-inner\">\n\t\t<div class=\"elementor-element elementor-element-5dc05d3 e-con-full e-flex e-con e-child\" data-id=\"5dc05d3\" data-element_type=\"container\">\n\t\t<div class=\"elementor-element elementor-element-a786a57 image-up e-flex e-con-boxed e-con e-child\" data-id=\"a786a57\" data-element_type=\"container\">\n\t\t\t\t\t<div class=\"e-con-inner\">\n\t\t<div class=\"elementor-element elementor-element-bfbcaba e-con-full e-flex e-con e-child\" data-id=\"bfbcaba\" data-element_type=\"container\">\n\t\t\t\t<div class=\"elementor-element elementor-element-034d72e elementor-widget elementor-widget-image\" data-id=\"034d72e\" data-element_type=\"widget\" data-widget_type=\"image.default\">\n\t\t\t\t<div class=\"elementor-widget-container\">\n\t\t\t\t\t\t\t\t\t\t\t\t\t\t\t<img decoding=\"async\" width=\"295\" height=\"282\" src=\"https:\/\/clinicadermaesthetics.com\/wp-content\/uploads\/2023\/12\/01-image-nosotros-derma.jpg\" class=\"attachment-full size-full wp-image-1565\" alt=\"Imagen en la cl\u00ednica durante una intervenci\u00f3n\" \/>\t\t\t\t\t\t\t\t\t\t\t\t\t\t\t<\/div>\n\t\t\t\t<\/div>\n\t\t\t\t<\/div>\n\t\t<div class=\"elementor-element elementor-element-8ddc8ff e-con-full e-flex e-con e-child\" data-id=\"8ddc8ff\" data-element_type=\"container\">\n\t\t\t\t<div class=\"elementor-element elementor-element-4f16356 elementor-widget elementor-widget-image\" data-id=\"4f16356\" data-element_type=\"widget\" data-widget_type=\"image.default\">\n\t\t\t\t<div class=\"elementor-widget-container\">\n\t\t\t\t\t\t\t\t\t\t\t\t\t\t\t<img decoding=\"async\" width=\"288\" height=\"346\" src=\"https:\/\/clinicadermaesthetics.com\/wp-content\/uploads\/2023\/12\/02-image-nosotros-derma.jpg\" class=\"attachment-full size-full wp-image-1567\" alt=\"Imagen en la cl\u00ednica durante una intervenci\u00f3n\" srcset=\"https:\/\/clinicadermaesthetics.com\/wp-content\/uploads\/2023\/12\/02-image-nosotros-derma.jpg 288w, https:\/\/clinicadermaesthetics.com\/wp-content\/uploads\/2023\/12\/02-image-nosotros-derma-250x300.jpg 250w\" sizes=\"(max-width: 288px) 100vw, 288px\" \/>\t\t\t\t\t\t\t\t\t\t\t\t\t\t\t<\/div>\n\t\t\t\t<\/div>\n\t\t\t\t<\/div>\n\t\t\t\t\t<\/div>\n\t\t\t\t<\/div>\n\t\t<div class=\"elementor-element elementor-element-cd10f69 e-con-full image-down e-flex e-con e-child\" data-id=\"cd10f69\" data-element_type=\"container\">\n\t\t\t\t<div class=\"elementor-element elementor-element-d6e9a11 elementor-widget elementor-widget-image\" data-id=\"d6e9a11\" data-element_type=\"widget\" data-widget_type=\"image.default\">\n\t\t\t\t<div class=\"elementor-widget-container\">\n\t\t\t\t\t\t\t\t\t\t\t\t\t\t\t<img loading=\"lazy\" decoding=\"async\" width=\"521\" height=\"477\" src=\"https:\/\/clinicadermaesthetics.com\/wp-content\/uploads\/2023\/12\/03-image-nosotros-derma.jpg\" class=\"attachment-full size-full wp-image-1563\" alt=\"Imagen en la cl\u00ednica durante una intervenci\u00f3n\" srcset=\"https:\/\/clinicadermaesthetics.com\/wp-content\/uploads\/2023\/12\/03-image-nosotros-derma.jpg 521w, https:\/\/clinicadermaesthetics.com\/wp-content\/uploads\/2023\/12\/03-image-nosotros-derma-300x275.jpg 300w\" sizes=\"(max-width: 521px) 100vw, 521px\" \/>\t\t\t\t\t\t\t\t\t\t\t\t\t\t\t<\/div>\n\t\t\t\t<\/div>\n\t\t\t\t<\/div>\n\t\t\t\t<\/div>\n\t\t<div class=\"elementor-element elementor-element-d7974b8 e-con-full e-flex e-con e-child\" data-id=\"d7974b8\" data-element_type=\"container\">\n\t\t\t\t<div class=\"elementor-element elementor-element-9c2f515 elementor-widget elementor-widget-heading\" data-id=\"9c2f515\" data-element_type=\"widget\" data-widget_type=\"heading.default\">\n\t\t\t\t<div class=\"elementor-widget-container\">\n\t\t\t\t\t<h1 class=\"elementor-heading-title elementor-size-default\">Sobre nosotros<\/h1>\t\t\t\t<\/div>\n\t\t\t\t<\/div>\n\t\t\t\t<div class=\"elementor-element elementor-element-5413482 box-content-nosotros elementor-widget elementor-widget-text-editor\" data-id=\"5413482\" data-element_type=\"widget\" data-widget_type=\"text-editor.default\">\n\t\t\t\t<div class=\"elementor-widget-container\">\n\t\t\t\t\t\t\t\t\t<p>Somos una <strong>cl\u00ednica est\u00e9tica<\/strong> de primer nivel, especializada en brindar a nuestros pacientes las \u00faltimas t\u00e9cnicas y tratamientos en <strong>cuidado de la piel y cirug\u00eda pl\u00e1stica<\/strong>.<\/p>\n<p>Nuestro equipo de <strong>expertos en dermatolog\u00eda y cirug\u00eda pl\u00e1stica<\/strong> est\u00e1 comprometido en proporcionar a cada paciente una atenci\u00f3n personalizada y de alta calidad.<\/p>\n<p><img loading=\"lazy\" decoding=\"async\" class=\"wp-image-610 size-full aligncenter\" src=\"https:\/\/clinicadermaesthetics.com\/wp-content\/uploads\/2023\/12\/img-content-nosotros-derma.jpg\" alt=\"\" width=\"542\" height=\"346\" srcset=\"https:\/\/clinicadermaesthetics.com\/wp-content\/uploads\/2023\/12\/img-content-nosotros-derma.jpg 542w, https:\/\/clinicadermaesthetics.com\/wp-content\/uploads\/2023\/12\/img-content-nosotros-derma-300x192.jpg 300w\" sizes=\"(max-width: 542px) 100vw, 542px\" \/><\/p>\n<p>En Dermaesthetics, entendemos que sentirse bien con uno mismo es esencial para tener una vida plena y feliz.<br \/>\nPor eso, nuestro objetivo es ayudar a nuestros pacientes a conseguir su <strong>m\u00e1ximo potencial de belleza y bienestar<\/strong>.<\/p>\n<p>Ofrecemos una amplia gama de servicios para satisfacer las necesidades individuales de cada uno de nuestros pacientes, desde tratamientos faciales y corporales no invasivos a procedimientos de cirug\u00eda est\u00e9tica de alta complejidad.<\/p>\n\t\t\t\t\t\t\t\t<\/div>\n\t\t\t\t<\/div>\n\t\t\t\t<\/div>\n\t\t\t\t\t<\/div>\n\t\t\t\t<\/section>\n\t\t\t\t<\/div>\n\t\t","protected":false},"excerpt":{"rendered":"","protected":false},"author":4,"featured_media":0,"parent":0,"menu_order":1,"comment_status":"closed","ping_status":"closed","template":"","meta":{"_acf_changed":false,"_joinchat":[],"footnotes":""},"class_list":["post-1726","page","type-page","status-publish","hentry"],"acf":[],"_links":{"self":[{"href":"https:\/\/clinicadermaesthetics.com\/es\/wp-json\/wp\/v2\/pages\/1726"}],"collection":[{"href":"https:\/\/clinicadermaesthetics.com\/es\/wp-json\/wp\/v2\/pages"}],"about":[{"href":"https:\/\/clinicadermaesthetics.com\/es\/wp-json\/wp\/v2\/types\/page"}],"author":[{"embeddable":true,"href":"https:\/\/clinicadermaesthetics.com\/es\/wp-json\/wp\/v2\/users\/4"}],"replies":[{"embeddable":true,"href":"https:\/\/clinicadermaesthetics.com\/es\/wp-json\/wp\/v2\/comments?post=1726"}],"version-history":[{"count":2,"href":"https:\/\/clinicadermaesthetics.com\/es\/wp-json\/wp\/v2\/pages\/1726\/revisions"}],"predecessor-version":[{"id":1958,"href":"https:\/\/clinicadermaesthetics.com\/es\/wp-json\/wp\/v2\/pages\/1726\/revisions\/1958"}],"wp:attachment":[{"href":"https:\/\/clinicadermaesthetics.com\/es\/wp-json\/wp\/v2\/media?parent=1726"}],"curies":[{"name":"wp","href":"https:\/\/api.w.org\/{rel}","templated":true}]}}